{"id":1361,"date":"2017-05-10T21:37:30","date_gmt":"2017-05-10T19:37:30","guid":{"rendered":"http:\/\/peter-granzow.de\/wordpress\/?page_id=1361"},"modified":"2024-09-10T13:50:33","modified_gmt":"2024-09-10T11:50:33","slug":"soziales-engagement","status":"publish","type":"page","link":"https:\/\/peter-granzow.de\/web\/ueber-mich\/soziales-engagement\/","title":{"rendered":"Soziales Engagement"},"content":{"rendered":"<h1>Peter Granzow engagiert sich f\u00fcr soziale Projekte in K\u00f6ln<\/h1>\n<hr \/>\n<h2>Peter Granzow f\u00fcr breakfast4kids<\/h2>\n<p>Am 06.Oktober 2012 veranstaltete Peter Granzow seinen ersten Spenden Gala Abend. Der Erl\u00f6s in H\u00f6he von 2.500,00\u20ac kam dem Verein breakfast4kids zugute, der bed\u00fcrftigen Schulkindern ein Pausenbrot erm\u00f6glicht.<\/p>\n<figure id=\"attachment_1358\" aria-describedby=\"caption-attachment-1358\" style=\"width: 970px\" class=\"wp-caption alignnone\"><img decoding=\"async\" loading=\"lazy\" class=\"size-full wp-image-1358\" src=\"http:\/\/peter-granzow.de\/web\/wp-content\/uploads\/2017\/05\/Scheckuebergabe_breakfast_4_kids_970x420.png\" alt=\"Das Bild zeigt Peter Granzow bei der \u00dcbergabe des Spendenschecks in H\u00f6he von 2.498 Euro an den breakfast 4 Kids Vorstand Achim Monnartz\" width=\"970\" height=\"420\" srcset=\"https:\/\/peter-granzow.de\/web\/wp-content\/uploads\/2017\/05\/Scheckuebergabe_breakfast_4_kids_970x420.png 970w, https:\/\/peter-granzow.de\/web\/wp-content\/uploads\/2017\/05\/Scheckuebergabe_breakfast_4_kids_970x420-300x130.png 300w, https:\/\/peter-granzow.de\/web\/wp-content\/uploads\/2017\/05\/Scheckuebergabe_breakfast_4_kids_970x420-768x333.png 768w\" sizes=\"(max-width: 970px) 100vw, 970px\" \/><figcaption id=\"caption-attachment-1358\" class=\"wp-caption-text\">Peter Granzow \u00fcberreicht seinen Spendenscheck an den breakfast 4 Kids Vorstand Achim Monnartz<\/figcaption><\/figure>\n<hr \/>\n<h2>Peter Granzow im Einsatz f\u00fcr die Arche K\u00f6ln-Ehrenfeld<\/h2>\n<p>Seit August 2015 engagiert sich Peter Granzow einmal w\u00f6chentlich in der K\u00f6ln-Ehrenfelder ARCHE, dem Christl. Kinder- und Jugendwerk e.V.! Dabei steht f\u00fcr ihn nicht nur die Betreuung der Kids im Vordergrund, vielmehr das aktive Miteinander. Neben schwei\u00dftreibenden Tischtennisrunden wird Peter Granzow auch gerne zu kniffeligen Partien Schach herausgefordert. An manchen Tagen reicht auch schon ein \u201eoffenes Ohr\u201c.<\/p>\n<figure id=\"attachment_1359\" aria-describedby=\"caption-attachment-1359\" style=\"width: 970px\" class=\"wp-caption alignnone\"><img decoding=\"async\" loading=\"lazy\" class=\"size-full wp-image-1359\" src=\"http:\/\/peter-granzow.de\/web\/wp-content\/uploads\/2017\/05\/Uebergabe_Carrerabahn_an_die_Arche_K\u00f6ln_970x420.png\" alt=\"Das Foto zeigt den Schauspieler Roman Haubner bei der \u00dcbergabe einer Carrera-Bahn an Peter Granzow f\u00fcr die ARCHE K\u00f6ln\" width=\"970\" height=\"420\" srcset=\"https:\/\/peter-granzow.de\/web\/wp-content\/uploads\/2017\/05\/Uebergabe_Carrerabahn_an_die_Arche_K\u00f6ln_970x420.png 970w, https:\/\/peter-granzow.de\/web\/wp-content\/uploads\/2017\/05\/Uebergabe_Carrerabahn_an_die_Arche_K\u00f6ln_970x420-300x130.png 300w, https:\/\/peter-granzow.de\/web\/wp-content\/uploads\/2017\/05\/Uebergabe_Carrerabahn_an_die_Arche_K\u00f6ln_970x420-768x333.png 768w\" sizes=\"(max-width: 970px) 100vw, 970px\" \/><figcaption id=\"caption-attachment-1359\" class=\"wp-caption-text\">Schauspieler Roman Haubner \u00fcberreicht Peter Granzow eine Carrera-Bahn f\u00fcr die ARCHE K\u00f6ln<\/figcaption><\/figure>\n<hr \/>\n<h2>Peter Granzow im Einsatz f\u00fcr die K\u00f6lner Tafel<\/h2>\n<p>Seit August 2015 unterst\u00fctz Peter Granzow einmal w\u00f6chentlich die K\u00f6ln-Ehrenfelder TAFEL. Hier stehen das Entladen der Transporter, das Sortieren und Portionieren der Lebensmittel sowie die klassische Essensausgabe im Vordergrund. Aktuell l\u00e4sst Peter Granzow sein Ehrenamt in der Tafel aus zeitlichen Gr\u00fcnden ruhen.<\/p>\n<figure id=\"attachment_1357\" aria-describedby=\"caption-attachment-1357\" style=\"width: 970px\" class=\"wp-caption alignnone\"><img decoding=\"async\" loading=\"lazy\" class=\"size-full wp-image-1357\" src=\"http:\/\/peter-granzow.de\/web\/wp-content\/uploads\/2017\/05\/Mitarbeit_bei_der_Tafel_K\u00f6ln_970x420.png\" alt=\"\" width=\"970\" height=\"420\" srcset=\"https:\/\/peter-granzow.de\/web\/wp-content\/uploads\/2017\/05\/Mitarbeit_bei_der_Tafel_K\u00f6ln_970x420.png 970w, https:\/\/peter-granzow.de\/web\/wp-content\/uploads\/2017\/05\/Mitarbeit_bei_der_Tafel_K\u00f6ln_970x420-300x130.png 300w, https:\/\/peter-granzow.de\/web\/wp-content\/uploads\/2017\/05\/Mitarbeit_bei_der_Tafel_K\u00f6ln_970x420-768x333.png 768w\" sizes=\"(max-width: 970px) 100vw, 970px\" \/><figcaption id=\"caption-attachment-1357\" class=\"wp-caption-text\">Foto: Angelika Stahl<\/figcaption><\/figure>\n<h2><\/h2>\n<p><em><strong>Im Herbst 2016 wurde Peter Granzow f\u00fcr den Sonderpreis der Stadt K\u00f6ln f\u00fcr ehrenamtliches Engagement in der Fl\u00fcchtlingshilfe nominiert!<\/strong><\/em><\/p>\n","protected":false},"excerpt":{"rendered":"<p>Peter Granzow engagiert sich f\u00fcr soziale Projekte in K\u00f6ln Peter Granzow f\u00fcr breakfast4kids Am 06.Oktober 2012 veranstaltete Peter Granzow seinen ersten Spenden Gala Abend. Der Erl\u00f6s in H\u00f6he von 2.500,00\u20ac &#8230;<\/p>\n","protected":false},"author":1,"featured_media":0,"parent":1340,"menu_order":2,"comment_status":"closed","ping_status":"closed","template":"template-fullwidth.php","meta":[],"_links":{"self":[{"href":"https:\/\/peter-granzow.de\/web\/wp-json\/wp\/v2\/pages\/1361"}],"collection":[{"href":"https:\/\/peter-granzow.de\/web\/wp-json\/wp\/v2\/pages"}],"about":[{"href":"https:\/\/peter-granzow.de\/web\/wp-json\/wp\/v2\/types\/page"}],"author":[{"embeddable":true,"href":"https:\/\/peter-granzow.de\/web\/wp-json\/wp\/v2\/users\/1"}],"replies":[{"embeddable":true,"href":"https:\/\/peter-granzow.de\/web\/wp-json\/wp\/v2\/comments?post=1361"}],"version-history":[{"count":19,"href":"https:\/\/peter-granzow.de\/web\/wp-json\/wp\/v2\/pages\/1361\/revisions"}],"predecessor-version":[{"id":1827,"href":"https:\/\/peter-granzow.de\/web\/wp-json\/wp\/v2\/pages\/1361\/revisions\/1827"}],"up":[{"embeddable":true,"href":"https:\/\/peter-granzow.de\/web\/wp-json\/wp\/v2\/pages\/1340"}],"wp:attachment":[{"href":"https:\/\/peter-granzow.de\/web\/wp-json\/wp\/v2\/media?parent=1361"}],"curies":[{"name":"wp","href":"https:\/\/api.w.org\/{rel}","templated":true}]}}