{"id":1372,"date":"2017-05-10T21:49:32","date_gmt":"2017-05-10T19:49:32","guid":{"rendered":"http:\/\/peter-granzow.de\/wordpress\/?page_id=1372"},"modified":"2019-04-23T18:58:00","modified_gmt":"2019-04-23T16:58:00","slug":"moderationen","status":"publish","type":"page","link":"https:\/\/peter-granzow.de\/web\/leistungsangebot\/moderationen\/","title":{"rendered":"Moderationen"},"content":{"rendered":"<h1>5.000 Liveshows &#8211; Der K\u00f6lner Moderator Peter Granzow ist auch Ihr Moderator<\/h1>\n<div id='gallery-1' class='gallery galleryid-1372 gallery-columns-3 gallery-size-medium'><figure class='gallery-item'>\n\t\t\t<div class='gallery-icon landscape'>\n\t\t\t\t<img width=\"300\" height=\"200\" src=\"https:\/\/peter-granzow.de\/web\/wp-content\/uploads\/2017\/05\/NotS-Geste_1500x1000-300x200.jpg\" class=\"attachment-medium size-medium\" alt=\"\" decoding=\"async\" loading=\"lazy\" srcset=\"https:\/\/peter-granzow.de\/web\/wp-content\/uploads\/2017\/05\/NotS-Geste_1500x1000-300x200.jpg 300w, https:\/\/peter-granzow.de\/web\/wp-content\/uploads\/2017\/05\/NotS-Geste_1500x1000-768x512.jpg 768w, https:\/\/peter-granzow.de\/web\/wp-content\/uploads\/2017\/05\/NotS-Geste_1500x1000-1024x683.jpg 1024w, https:\/\/peter-granzow.de\/web\/wp-content\/uploads\/2017\/05\/NotS-Geste_1500x1000.jpg 1500w\" sizes=\"(max-width: 300px) 100vw, 300px\" \/>\n\t\t\t<\/div><\/figure><figure class='gallery-item'>\n\t\t\t<div class='gallery-icon landscape'>\n\t\t\t\t<img width=\"300\" height=\"200\" src=\"https:\/\/peter-granzow.de\/web\/wp-content\/uploads\/2017\/05\/Peter_MDT_2-300x200.jpg\" class=\"attachment-medium size-medium\" alt=\"\" decoding=\"async\" loading=\"lazy\" srcset=\"https:\/\/peter-granzow.de\/web\/wp-content\/uploads\/2017\/05\/Peter_MDT_2-300x200.jpg 300w, https:\/\/peter-granzow.de\/web\/wp-content\/uploads\/2017\/05\/Peter_MDT_2-768x512.jpg 768w, https:\/\/peter-granzow.de\/web\/wp-content\/uploads\/2017\/05\/Peter_MDT_2-1024x683.jpg 1024w, https:\/\/peter-granzow.de\/web\/wp-content\/uploads\/2017\/05\/Peter_MDT_2.jpg 1500w\" sizes=\"(max-width: 300px) 100vw, 300px\" \/>\n\t\t\t<\/div><\/figure><figure class='gallery-item'>\n\t\t\t<div class='gallery-icon landscape'>\n\t\t\t\t<img width=\"300\" height=\"200\" src=\"https:\/\/peter-granzow.de\/web\/wp-content\/uploads\/2017\/05\/Show_5_1500x1000-300x200.jpg\" class=\"attachment-medium size-medium\" alt=\"\" decoding=\"async\" loading=\"lazy\" srcset=\"https:\/\/peter-granzow.de\/web\/wp-content\/uploads\/2017\/05\/Show_5_1500x1000-300x200.jpg 300w, https:\/\/peter-granzow.de\/web\/wp-content\/uploads\/2017\/05\/Show_5_1500x1000-768x512.jpg 768w, https:\/\/peter-granzow.de\/web\/wp-content\/uploads\/2017\/05\/Show_5_1500x1000-1024x683.jpg 1024w, https:\/\/peter-granzow.de\/web\/wp-content\/uploads\/2017\/05\/Show_5_1500x1000.jpg 1500w\" sizes=\"(max-width: 300px) 100vw, 300px\" \/>\n\t\t\t<\/div><\/figure>\n\t\t<\/div>\n\n<p>Ob Tagung, Messe, Kick-Off, Roadshow oder Abendgala, der K\u00f6lner Moderator Peter Granzow f\u00fchlt sich in allen Sparten zuhause und hat bis heute \u00fcber 5.000 Liveshows moderiert.<\/p>\n<p>Auf diese geballte Erfahrung vertrauen neben vielen mittelst\u00e4ndischen Unternehmen auch zahlreiche Dax-Konzerne aus Automobil-, Pharma- und Versicherungsbranche. Peter Granzow sein Motto \u201eModeration mit Leidenschaft\u201c bringt es auf den Punkt. Eine perfekte Vorbereitung, kombiniert mit einer angenehmen Stimme, viel Charme und Witz lassen auch Ihre n\u00e4chste Veranstaltung zu einem erfolgreichen Erlebnis werden.<\/p>\n<blockquote><p>\u201eMit seinem souver\u00e4nen Talent, dem n\u00f6tigen Sachverstand und der richtigen Portion Humor hat es Herr Granzow auf Anhieb geschafft den G\u00e4sten unserer Abendveranstaltung das komplexe Thema n\u00e4herzubringen\u201c<br \/>\nGeorge P. Johnson GmbH, Stuttgart<\/p><\/blockquote>\n<p>Auch den Fernsehzuschauern ist Peter Granzow kein Unbekannter. In der RTL Samstagabend Show <em>Hausfieber<\/em> sahen ihn als Co-Moderator von Linda de Mol bis zu sechs Millionen Zuschauer. In der ARD moderierte er live interaktive Zuschauerspiele im Vorabendprogramm und auf tm3 \u00fcber 120 Mal das beliebte Servicemagazin <em>Leben &amp; Wohnen<\/em>.<\/p>\n<p>&nbsp;<\/p>\n<hr \/>\n<p><a class=\"myButton\" href=\"http:\/\/peter-granzow.de\/web\/kontakt\/buchungsanfrage-moderation\/\">Buchungsanfrage<\/a><\/p>\n","protected":false},"excerpt":{"rendered":"<p>5.000 Live-Moderationen, profitieren auch Sie von diesem Erfahrungsschatz.<\/p>\n","protected":false},"author":1,"featured_media":1465,"parent":1370,"menu_order":0,"comment_status":"closed","ping_status":"closed","template":"","meta":[],"_links":{"self":[{"href":"https:\/\/peter-granzow.de\/web\/wp-json\/wp\/v2\/pages\/1372"}],"collection":[{"href":"https:\/\/peter-granzow.de\/web\/wp-json\/wp\/v2\/pages"}],"about":[{"href":"https:\/\/peter-granzow.de\/web\/wp-json\/wp\/v2\/types\/page"}],"author":[{"embeddable":true,"href":"https:\/\/peter-granzow.de\/web\/wp-json\/wp\/v2\/users\/1"}],"replies":[{"embeddable":true,"href":"https:\/\/peter-granzow.de\/web\/wp-json\/wp\/v2\/comments?post=1372"}],"version-history":[{"count":10,"href":"https:\/\/peter-granzow.de\/web\/wp-json\/wp\/v2\/pages\/1372\/revisions"}],"predecessor-version":[{"id":1664,"href":"https:\/\/peter-granzow.de\/web\/wp-json\/wp\/v2\/pages\/1372\/revisions\/1664"}],"up":[{"embeddable":true,"href":"https:\/\/peter-granzow.de\/web\/wp-json\/wp\/v2\/pages\/1370"}],"wp:featuredmedia":[{"embeddable":true,"href":"https:\/\/peter-granzow.de\/web\/wp-json\/wp\/v2\/media\/1465"}],"wp:attachment":[{"href":"https:\/\/peter-granzow.de\/web\/wp-json\/wp\/v2\/media?parent=1372"}],"curies":[{"name":"wp","href":"https:\/\/api.w.org\/{rel}","templated":true}]}}