{"id":1388,"date":"2017-05-10T22:50:39","date_gmt":"2017-05-10T20:50:39","guid":{"rendered":"http:\/\/peter-granzow.de\/wordpress\/?page_id=1388"},"modified":"2024-09-10T13:36:37","modified_gmt":"2024-09-10T11:36:37","slug":"vortraege","status":"publish","type":"page","link":"https:\/\/peter-granzow.de\/web\/leistungsangebot\/vortraege\/","title":{"rendered":"Vortr\u00e4ge"},"content":{"rendered":"<h1>Die Vortr\u00e4ge von Peter Granzow sind pers\u00f6nlich, bewegend und in die Tiefe gehend.<\/h1>\n<div id='gallery-1' class='gallery galleryid-1388 gallery-columns-3 gallery-size-medium'><figure class='gallery-item'>\n\t\t\t<div class='gallery-icon landscape'>\n\t\t\t\t<img width=\"300\" height=\"200\" src=\"https:\/\/peter-granzow.de\/web\/wp-content\/uploads\/2017\/05\/Franke_1500x1000-300x200.jpg\" class=\"attachment-medium size-medium\" alt=\"\" decoding=\"async\" loading=\"lazy\" srcset=\"https:\/\/peter-granzow.de\/web\/wp-content\/uploads\/2017\/05\/Franke_1500x1000-300x200.jpg 300w, https:\/\/peter-granzow.de\/web\/wp-content\/uploads\/2017\/05\/Franke_1500x1000-768x512.jpg 768w, https:\/\/peter-granzow.de\/web\/wp-content\/uploads\/2017\/05\/Franke_1500x1000-1024x683.jpg 1024w, https:\/\/peter-granzow.de\/web\/wp-content\/uploads\/2017\/05\/Franke_1500x1000.jpg 1500w\" sizes=\"(max-width: 300px) 100vw, 300px\" \/>\n\t\t\t<\/div><\/figure><figure class='gallery-item'>\n\t\t\t<div class='gallery-icon landscape'>\n\t\t\t\t<img width=\"300\" height=\"200\" src=\"https:\/\/peter-granzow.de\/web\/wp-content\/uploads\/2017\/05\/Bau_PT_1500x1000-300x200.jpg\" class=\"attachment-medium size-medium\" alt=\"\" decoding=\"async\" loading=\"lazy\" srcset=\"https:\/\/peter-granzow.de\/web\/wp-content\/uploads\/2017\/05\/Bau_PT_1500x1000-300x200.jpg 300w, https:\/\/peter-granzow.de\/web\/wp-content\/uploads\/2017\/05\/Bau_PT_1500x1000-768x512.jpg 768w, https:\/\/peter-granzow.de\/web\/wp-content\/uploads\/2017\/05\/Bau_PT_1500x1000-1024x683.jpg 1024w, https:\/\/peter-granzow.de\/web\/wp-content\/uploads\/2017\/05\/Bau_PT_1500x1000.jpg 1500w\" sizes=\"(max-width: 300px) 100vw, 300px\" \/>\n\t\t\t<\/div><\/figure><figure class='gallery-item'>\n\t\t\t<div class='gallery-icon landscape'>\n\t\t\t\t<img width=\"300\" height=\"200\" src=\"https:\/\/peter-granzow.de\/web\/wp-content\/uploads\/2017\/05\/Stadt-Pforzheim_1500x1000-300x200.jpg\" class=\"attachment-medium size-medium\" alt=\"\" decoding=\"async\" loading=\"lazy\" srcset=\"https:\/\/peter-granzow.de\/web\/wp-content\/uploads\/2017\/05\/Stadt-Pforzheim_1500x1000-300x200.jpg 300w, https:\/\/peter-granzow.de\/web\/wp-content\/uploads\/2017\/05\/Stadt-Pforzheim_1500x1000-768x512.jpg 768w, https:\/\/peter-granzow.de\/web\/wp-content\/uploads\/2017\/05\/Stadt-Pforzheim_1500x1000-1024x683.jpg 1024w, https:\/\/peter-granzow.de\/web\/wp-content\/uploads\/2017\/05\/Stadt-Pforzheim_1500x1000.jpg 1500w\" sizes=\"(max-width: 300px) 100vw, 300px\" \/>\n\t\t\t<\/div><\/figure>\n\t\t<\/div>\n\n<p>Ein guter Vortrag sollte so kurzweilig sein, dass Zuh\u00f6rer ihre Uhren am Handgelenk vergessen und ihnen zum Schluss nicht das Wort\u00a0 \u201eendlich\u201c durch den Kopf geht, sondern das Wort \u201eschade\u201c.<\/p>\n<p>Als Vortragsredner gestaltet Peter Granzow seine Vortr\u00e4ge fesselnd und sehr pers\u00f6nlich. Floskeln wie \u201e\u00fcber den Tellerrand schauen\u201c gibt es bei ihm nicht. Im Gegenteil, alle drei Vortr\u00e4ge sind authentisch und beruhen auf eigenen Erfahrungen. Auch auf Zitate aus fremden Publikationen wartet man bei Peter Granzow vergeblich.<\/p>\n<hr \/>\n<h2>Vortrag 1:<br \/>Erfolgreich durch Self-Publishing &#8211; So schafft es auch Ihre Idee vom eigenen Buch raus aus dem Kopf hinein in den Buchhandel<\/h2>\n<p>\u201e<em>Dar\u00fcber m\u00fcsste man eigentlich ein Buch schreiben!\u201c<\/em> Diesen Satz haben circa 20% aller Deutschen zwischen 25 und 60 Jahren nach einem bestimmten Erlebnis schon einmal gesagt, ohne danach wirklich ein Buch geschrieben zu haben. Doch warum eigentlich nicht? Peter Granzow hat seit 2014 bereits vier B\u00fccher im Self-Publishing Verfahren auf den Markt gebracht. Sein Erstlingswerk <em><strong>\u201eSt\u00f6rfaktor Kunde\u201c<\/strong> <\/em>schaffte es in der Rubrik Sachb\u00fccher binnen k\u00fcrzester Zeit auf Platz 4 der Bestsellerliste (Quelle: Indie Katalog). In seinem Vortrag \u00fcber Self-Publishing zeigt Peter Granzow angehenden Autoren und Autorinnen, wie unkompliziert es heutzutage ist, B\u00fccher auch ohne Verlag zu realisieren. Leicht und verst\u00e4ndlich erkl\u00e4rt er Schritt f\u00fcr Schritt, wie es die Idee vom eigenen Buch raus aus dem Kopf, hinein in den Buch- und Onlinehandel schafft.<\/p>\n<h4>Lerninhalte:<\/h4>\n<ol>\n<li>Selberschreiben oder Ghostwriting<\/li>\n<li>Lektorats Service<\/li>\n<li>Covergestaltung &amp; Titelfindung<\/li>\n<li>e-book und \/ oder Taschenbuch<\/li>\n<li>Preisgestaltung \/ Provisionen \/ Kosten<\/li>\n<li>Wie kommt mein Buch in den Handel \/ Onlineportale<\/li>\n<li>Marketing &amp; Klinkenputzen<\/li>\n<li>Amazon Verkaufsranking<\/li>\n<\/ol>\n<table width=\"100%\">\n<tbody>\n<tr>\n<td style=\"text-align: left;\" width=\"25%\"><strong>Vortragsl\u00e4nge:<\/strong><\/td>\n<td style=\"text-align: left;\" width=\"75%\"><strong>ca. 90 Minuten<\/strong> (kann auf Wunsch angepasst werden)<\/td>\n<\/tr>\n<tr>\n<td style=\"text-align: left;\" width=\"25%\"><strong>Zielgruppe:<\/strong><\/td>\n<td style=\"text-align: left;\" width=\"75%\"><strong>F\u00fcr angehende Autoren ohne Verlag<\/strong><\/td>\n<\/tr>\n<\/tbody>\n<\/table>\n<p><a class=\"myButton\" href=\"http:\/\/peter-granzow.de\/web\/kontakt\/buchungsanfrage-vortrag\/\">Buchungsanfrage<\/a><\/p>\n<hr \/>\n<h2>Vortrag 2:<br \/>Guter Kundenservice kann so einfach sein &#8211; deshalb: Service is possible!<\/h2>\n<p>Peter Granzow ist Moderator mit Leidenschaft und sieht sich selbst als Dienstleister. Seine Erfolgsdevise seit \u00fcber 25 Jahren:<br \/>Nur ein freundlicher und serviceorientierter Umgang mit seinen Kunden und Auftraggebern gew\u00e4hrleistet, dass diese am Ende zufrieden sind, ihn erneut engagieren und auch weiterempfehlen.<\/p>\n<p>Im Privatleben stellt Peter Granzow sich jedoch immer h\u00e4ufiger die Frage, ob Kunden und Dienstleister zwei Individuen sind, die einfach nicht zusammenpassen wollen?<br \/>Genau dieser Frage geht er in seinem Vortrag <strong>\u201eService is possible<\/strong>\u201c nach und zeigt anhand unglaublicher Serviceleistungen auf, was man sich als Kunde alles gefallen lassen muss. Erfahren Sie wie man erfolgreich reklamiert und aus schlechtem Kundenservice einen Gewinn erzielt, ohne danach zu fragen. Ob Bargeld, Bonuspunkte oder \u00dcbernachtungsgutscheine, die Unternehmen schmei\u00dfen nur so um sich mit geldwerten Entschuldigungen.<\/p>\n<p>Als Dienstleister werden Sie sich bei einigen Praxisbeispielen eventuell ertappt f\u00fchlen und die Tipps von Peter Granzow geradezu aufsaugen, die Ihnen verraten, wie Sie auch Ihren Service zuk\u00fcnftig \u00a0verbessern k\u00f6nnen.<\/p>\n<h4>Lerninhalte f\u00fcr Dienstleister:<\/h4>\n<ol>\n<li>Unglaubliche Praxisbeispiele<\/li>\n<li>Die h\u00e4ufigsten Fehler<\/li>\n<li>Die Bed\u00fcrfnisse der Kunden erkennen<\/li>\n<li>Fehler vermeiden \/ erkennen<\/li>\n<li>So reagiere ich serviceorientiert<\/li>\n<\/ol>\n<h4>Lerninhalte f\u00fcr Endverbraucher<\/h4>\n<ol>\n<li>Wer ist der K\u00f6nig? Sie!<\/li>\n<li>So treten Sie einer schlechten Beratung entgegen<\/li>\n<li>Sofort handeln<\/li>\n<li>Mutig und sachlich argumentieren<\/li>\n<li>Erfolgreich reklamieren<\/li>\n<\/ol>\n<table width=\"100%\">\n<tbody>\n<tr>\n<td style=\"text-align: left;\" width=\"25%\"><strong>Vortragsl\u00e4nge:<\/strong><\/td>\n<td style=\"text-align: left;\" width=\"75%\"><strong>ca. 90 Minuten<\/strong> (kann auf Wunsch angepasst werden)<\/td>\n<\/tr>\n<tr>\n<td style=\"text-align: left;\" width=\"25%\"><strong>Zielgruppe:<\/strong><\/td>\n<td style=\"text-align: left;\" width=\"75%\"><strong>Dienstleister und Endverbraucher gleicherma\u00dfen<\/strong><\/td>\n<\/tr>\n<tr>\n<td style=\"text-align: left;\" width=\"25%\"><strong>Das Buch zum Vortrag:<\/strong><\/td>\n<td style=\"text-align: left;\" width=\"75%\"><strong>St\u00f6rfaktor Kunde <\/strong>&#8211; Humorvolle Geschichten aus Kundensicht<\/td>\n<\/tr>\n<\/tbody>\n<\/table>\n<p><a class=\"myButton\" href=\"http:\/\/peter-granzow.de\/web\/kontakt\/buchungsanfrage-vortrag\/\">Buchungsanfrage<\/a><\/p>\n<hr \/>\n<h2>\u00a0<\/h2>\n<table style=\"height: 92px;\" width=\"5\">\n<tbody>\n<tr>\n<td style=\"text-align: left;\" width=\"25%\">\u00a0<\/td>\n<td style=\"text-align: left;\" width=\"75%\">\u00a0<\/td>\n<\/tr>\n<tr>\n<td style=\"text-align: left;\" width=\"25%\">\u00a0<\/td>\n<td style=\"text-align: left;\" width=\"75%\">\u00a0<\/td>\n<\/tr>\n<tr>\n<td style=\"text-align: left;\" width=\"25%\">\u00a0<\/td>\n<td style=\"text-align: left;\" width=\"75%\">\u00a0<\/td>\n<\/tr>\n<\/tbody>\n<\/table>\n<p>\u00a0<\/p>\n\n\n<p><\/p>\n","protected":false},"excerpt":{"rendered":"<p>Kurzweilig und in die Tiefe gehend. So die Vortr\u00e4ge von Peter Granzow!   <\/p>\n","protected":false},"author":1,"featured_media":1466,"parent":1370,"menu_order":1,"comment_status":"closed","ping_status":"closed","template":"","meta":[],"_links":{"self":[{"href":"https:\/\/peter-granzow.de\/web\/wp-json\/wp\/v2\/pages\/1388"}],"collection":[{"href":"https:\/\/peter-granzow.de\/web\/wp-json\/wp\/v2\/pages"}],"about":[{"href":"https:\/\/peter-granzow.de\/web\/wp-json\/wp\/v2\/types\/page"}],"author":[{"embeddable":true,"href":"https:\/\/peter-granzow.de\/web\/wp-json\/wp\/v2\/users\/1"}],"replies":[{"embeddable":true,"href":"https:\/\/peter-granzow.de\/web\/wp-json\/wp\/v2\/comments?post=1388"}],"version-history":[{"count":11,"href":"https:\/\/peter-granzow.de\/web\/wp-json\/wp\/v2\/pages\/1388\/revisions"}],"predecessor-version":[{"id":1821,"href":"https:\/\/peter-granzow.de\/web\/wp-json\/wp\/v2\/pages\/1388\/revisions\/1821"}],"up":[{"embeddable":true,"href":"https:\/\/peter-granzow.de\/web\/wp-json\/wp\/v2\/pages\/1370"}],"wp:featuredmedia":[{"embeddable":true,"href":"https:\/\/peter-granzow.de\/web\/wp-json\/wp\/v2\/media\/1466"}],"wp:attachment":[{"href":"https:\/\/peter-granzow.de\/web\/wp-json\/wp\/v2\/media?parent=1388"}],"curies":[{"name":"wp","href":"https:\/\/api.w.org\/{rel}","templated":true}]}}