{"id":1405,"date":"2017-05-10T22:52:48","date_gmt":"2017-05-10T20:52:48","guid":{"rendered":"http:\/\/peter-granzow.de\/wordpress\/?page_id=1405"},"modified":"2024-09-11T12:26:13","modified_gmt":"2024-09-11T10:26:13","slug":"lesungen","status":"publish","type":"page","link":"https:\/\/peter-granzow.de\/web\/leistungsangebot\/lesungen\/","title":{"rendered":"Lesungen"},"content":{"rendered":"<h1>Lesungen mit Mehrwert von Peter Granzow<\/h1>\n<p><img decoding=\"async\" loading=\"lazy\" class=\"alignleft size-medium wp-image-1408\" src=\"http:\/\/peter-granzow.de\/web\/wp-content\/uploads\/2017\/05\/Peter_Granzow_Lesung_640x420-300x197.png\" alt=\"\" width=\"300\" height=\"197\" srcset=\"https:\/\/peter-granzow.de\/web\/wp-content\/uploads\/2017\/05\/Peter_Granzow_Lesung_640x420-300x197.png 300w, https:\/\/peter-granzow.de\/web\/wp-content\/uploads\/2017\/05\/Peter_Granzow_Lesung_640x420.png 640w\" sizes=\"(max-width: 300px) 100vw, 300px\" \/>Sie m\u00f6chten Peter Granzow als Buchautor live erleben und eine Lesung mit ihm veranstalten? Gerne! Ob unterhaltsam und witzig oder hoch emotional. Die Geschichten aus den B\u00fcchern von Peter Granzow sind fesselnd und bieten auch Ihren G\u00e4sten den gewissen Mehrwert.<\/p>\n<p>\u00a0<\/p>\n<p><strong>N\u00e4chste \u00f6ffentliche Lesung aus: ____________________________<\/strong><br \/>Datum:\u00a0\u00a0\u00a0 <em><strong>Derzeit keine aktuellen Termine<\/strong><\/em><br \/>Ort:<br \/>Beginn:<br \/>Veranstalter:<\/p>\n<p><em><strong>Veranstaltungs-Tipp:<\/strong><\/em> <br \/>Nach der Coronakrise, in der es nicht viel zu Lachen gab, entwickelte Peter Granzow seine erfolgreiche Kombi-Lesung aus gleich zwei seiner B\u00fccher. Im ersten Teil liest und erz\u00e4hlt er aus seinem Erstlingswerk <em><strong>&#8222;St\u00f6rfaktor Kunde&#8220;. <\/strong><\/em>Im zweiten Teil aus seinem aktuellen Buch <em><strong>&#8222;Im\u00a0\u00a0 Scho\u00df, der Leiden schafft&#8220;<\/strong><\/em>. <br \/>Lachen wird hier garantiert!\u00a0<\/p>\n<hr \/>\n<h2>Lesung:<br \/>Kundenservice &#8211; Humorvolle Lesung aus dem Bestseller <em>St\u00f6rfaktor Kunde<\/em><\/h2>\n<p><img decoding=\"async\" loading=\"lazy\" class=\"alignleft size-full wp-image-1410\" src=\"http:\/\/peter-granzow.de\/web\/wp-content\/uploads\/2017\/05\/Cover_Stoerfaktor_Kunde_275x420.png\" alt=\"\" width=\"275\" height=\"420\" srcset=\"https:\/\/peter-granzow.de\/web\/wp-content\/uploads\/2017\/05\/Cover_Stoerfaktor_Kunde_275x420.png 275w, https:\/\/peter-granzow.de\/web\/wp-content\/uploads\/2017\/05\/Cover_Stoerfaktor_Kunde_275x420-196x300.png 196w\" sizes=\"(max-width: 275px) 100vw, 275px\" \/>Dienstleister und Kunden wollen einfach nicht zusammenpassen, diesen Eindruck gewinnt man, wenn man die humorvoll aufbereiteten Geschichten von Peter Granzow h\u00f6rt. Da gibt es Autoverk\u00e4ufer der gehobenen Mittelklasse, die anderes zu tun haben, als ihre Produkte zu verkaufen. Zimmerm\u00e4dchen, die pl\u00f6tzlich vor dem Bett ihrer G\u00e4ste stehen oder im Kaufvertrag fixierte Rabatte, die sp\u00e4ter nie gew\u00e4hrt werden. Diese Lesung ist gespickt mit Witz und Ironie, aber auch mit wertvollen Tipps die von den Besuchern gewinnbringend umgesetzt werden k\u00f6nnen.<\/p>\n<p>Das Buch zur Lesung:<br \/><a class=\"myButtonSmall\" href=\"https:\/\/www.amazon.de\/St%C3%B6rfaktor-Kunde-Humorvolle-Geschichten-Kundensicht\/dp\/3732314774\/ref=asap_bc?ie=UTF8\">Bestellen<\/a><br \/>Sie m\u00f6chten eine Lesung mit Peter Granzow veranstalten? Dann nutzen Sie bitte die Buchungsanfrage:<br \/><a class=\"myButton\" href=\"http:\/\/peter-granzow.de\/web\/kontakt\/buchungsanfrage-lesung\/\">Buchungsanfrage<\/a><strong><br \/><\/strong><\/p>\n<h2>\u00a0<\/h2>\n<p>_______________________________________________________________________________________________________________<\/p>\n\n\n<p><\/p>\n\n\n\n<h2>Lesung:<br>Im Scho\u00df, der Leiden schafft <\/h2>\n\n\n\n<figure class=\"wp-block-image size-large is-resized\"><img decoding=\"async\" loading=\"lazy\" src=\"http:\/\/peter-granzow.de\/web\/wp-content\/uploads\/2022\/12\/Im-Schoss-der-Leiden-schafft-Titel-725x1024.jpeg\" alt=\"\" class=\"wp-image-1809\" width=\"278\" height=\"393\"\/><\/figure>\n","protected":false},"excerpt":{"rendered":"<p>Humorvoll und emotional, die Lesungen von Peter Granzow sind authentisch. <\/p>\n","protected":false},"author":1,"featured_media":1408,"parent":1370,"menu_order":2,"comment_status":"closed","ping_status":"closed","template":"","meta":[],"_links":{"self":[{"href":"https:\/\/peter-granzow.de\/web\/wp-json\/wp\/v2\/pages\/1405"}],"collection":[{"href":"https:\/\/peter-granzow.de\/web\/wp-json\/wp\/v2\/pages"}],"about":[{"href":"https:\/\/peter-granzow.de\/web\/wp-json\/wp\/v2\/types\/page"}],"author":[{"embeddable":true,"href":"https:\/\/peter-granzow.de\/web\/wp-json\/wp\/v2\/users\/1"}],"replies":[{"embeddable":true,"href":"https:\/\/peter-granzow.de\/web\/wp-json\/wp\/v2\/comments?post=1405"}],"version-history":[{"count":43,"href":"https:\/\/peter-granzow.de\/web\/wp-json\/wp\/v2\/pages\/1405\/revisions"}],"predecessor-version":[{"id":1834,"href":"https:\/\/peter-granzow.de\/web\/wp-json\/wp\/v2\/pages\/1405\/revisions\/1834"}],"up":[{"embeddable":true,"href":"https:\/\/peter-granzow.de\/web\/wp-json\/wp\/v2\/pages\/1370"}],"wp:featuredmedia":[{"embeddable":true,"href":"https:\/\/peter-granzow.de\/web\/wp-json\/wp\/v2\/media\/1408"}],"wp:attachment":[{"href":"https:\/\/peter-granzow.de\/web\/wp-json\/wp\/v2\/media?parent=1405"}],"curies":[{"name":"wp","href":"https:\/\/api.w.org\/{rel}","templated":true}]}}