{"id":1425,"date":"2017-05-10T23:08:16","date_gmt":"2017-05-10T21:08:16","guid":{"rendered":"http:\/\/peter-granzow.de\/wordpress\/?page_id=1425"},"modified":"2024-09-10T13:56:24","modified_gmt":"2024-09-10T11:56:24","slug":"publikationen","status":"publish","type":"page","link":"https:\/\/peter-granzow.de\/web\/publikationen\/","title":{"rendered":"Publikationen"},"content":{"rendered":"<h1>St\u00f6rfaktor Kunde \u2013 Service einmal anders. Humorvolle Geschichten aus Kundensicht<\/h1>\n<p><img decoding=\"async\" loading=\"lazy\" class=\"size-large wp-image-1429 alignnone\" src=\"http:\/\/peter-granzow.de\/web\/wp-content\/uploads\/2017\/05\/Stoerfaktor_Kunde-1024x294.jpg\" alt=\"\" width=\"800\" height=\"230\" srcset=\"https:\/\/peter-granzow.de\/web\/wp-content\/uploads\/2017\/05\/Stoerfaktor_Kunde.jpg 1024w, https:\/\/peter-granzow.de\/web\/wp-content\/uploads\/2017\/05\/Stoerfaktor_Kunde-300x86.jpg 300w, https:\/\/peter-granzow.de\/web\/wp-content\/uploads\/2017\/05\/Stoerfaktor_Kunde-768x221.jpg 768w\" sizes=\"(max-width: 800px) 100vw, 800px\" \/><\/p>\n<p>Im Dezember 2014 erschien Peter Granzow sein erstes Buch <strong><em>St\u00f6rfaktor Kunde<\/em><\/strong>, welches auf humorvolle Weise den mitunter schlechten Kundenservice einiger Dienstleister aufs Korn nimmt. Erz\u00e4hlt werden Geschichten aus Kundensicht, in denen es nicht nur um fehlerhafte M\u00f6bellieferungen und deren Folgen geht, sondern auch um Verk\u00e4ufer, die sich f\u00f6rmlich weigerten, einem Kunden eine Einbauk\u00fcche zu verkaufen. Doch auch in Autoh\u00e4usern der Oberklasse kann der Neuwagenkauf zu einem Hindernislauf ohne Happy End werden. Und wer denkt, er kann in einem Hotel ungest\u00f6rt schlafen, der sollte vorher lieber mit dem Zimmerm\u00e4dchen gesprochen haben. Ganz nebenbei erh\u00e4lt der Leser wertvolle Tipps, wie er aus einem schlechten Service oder einer schlechten Beratung einen geldwerten Vorteil erzielen kann, ohne darum zu bitten.<\/p>\n<p>In der Rubrik Sachb\u00fccher landete <strong><em>St\u00f6rfaktor Kunde<\/em><\/strong> im Sommer 2016 im Indie-Katalog auf <strong>Platz 4<\/strong> der Bestsellerliste unter den Self-Publishern.<\/p>\n<p>Erh\u00e4ltlich als Kindle Edition, gebundene Ausgabe oder als Taschenbuch. Zu bestellen im Buchhandel oder unter:<\/p>\n<p><a class=\"myButton\" href=\"https:\/\/www.amazon.de\/St%C3%B6rfaktor-Kunde-Humorvolle-Geschichten-Kundensicht\/dp\/3732314774\/ref=asap_bc?ie=UTF8\">Bestellen<\/a><\/p>\n<hr \/>\n<h1>\u00a0<\/h1>\n<h1>DEPRESSIONEN<\/h1>\n<h1>50 Tage in der Psychiatrie &#8211; Cluburlaub ist anders<\/h1>\n<p><img decoding=\"async\" loading=\"lazy\" class=\"size-large wp-image-1428 alignnone\" src=\"http:\/\/peter-granzow.de\/web\/wp-content\/uploads\/2019\/05\/Collage-Depressionen.png\" alt=\"\" width=\"800\" height=\"233\" \/><\/p>\n<p>Im Juli 2018 ver\u00f6ffentlichte Peter Granzow sein n\u00e4chstes Werk, welches gleichzeitig seine erste Arbeit als Ghostwriter war. Unter dem Titel <strong><em>DEPRESSIONEN \u2013 50 Tage in der Psychiatrie, Cluburlaub ist anders <\/em><\/strong>erz\u00e4hlt er die Geschichte von Markus, einem Schauspieler aus Frankfurt, der sich nach einem filmreifen, aber dennoch gescheiterten Suizidversuch, in der Psychiatrie wiederfand.<br \/>Das Buch, welches eine wahre Geschichte ist und auf den Tagebuchaufzeichnungen und Erz\u00e4hlungen von Markus beruht, gew\u00e4hrt einen sehr pers\u00f6nlichen Blick hinter die Kulissen der Psychiatrie und schildert detailliert, mit welchen Therapien die Patienten behandelt werden. Es erkl\u00e4rt die 6 Stufen einer Depression, zeigt die Spannungen, die sich unter den Patienten entwickeln, aber auch, wie es der Klinik schlussendlich gelang, Markus heraus aus seiner Depression, und zur\u00fcck in den Alltag zu f\u00fchren.<\/p>\n<p>Auf Wunsch liest Peter Granzow auch aus diesem Buch &#8211; kontaktieren Sie ihn bitte unverbindlich.<\/p>\n<p>Erh\u00e4ltlich als Kindle Edition, gebundene Ausgabe oder als Taschenbuch. Zu bestellen im Buchhandel oder unter:<\/p>\n<p><a class=\"myButton\" href=\"https:\/\/www.amazon.de\/gp\/product\/3734591988\/ref=dbs_a_def_rwt_hsch_vapi_tu00_p1_i2\">Bestellen<\/a><\/p>\n\n\n<h1>Im Scho\u00df, der Leiden schafft<\/h1>\n\n\n\n<p><\/p>\n\n\n\n<figure class=\"is-layout-flex wp-block-gallery-1 wp-block-gallery has-nested-images columns-default is-cropped\">\n<figure class=\"wp-block-image size-large\"><img decoding=\"async\" data-id=\"1771\"  src=\"http:\/\/peter-granzow.de\/web\/wp-content\/uploads\/2022\/12\/Im-Schoss-der-Leiden-schafft-1.jpeg\" alt=\"\" class=\"wp-image-1771\"\/><\/figure>\n<\/figure>\n\n\n\n<p><\/p>\n\n\n\n<p>Im Januar 2020 erschien <strong>&#8222;Im Scho\u00df, der Leiden schafft&#8220;<\/strong>, welches auf humorvolle Weise von den teils skurrilen Erlebnissen des Gyn\u00e4kologen Dr. Conrads  mit seinen Patientinnen erz\u00e4hlt.  Mal steckte ihm eine Patientin aus dem Rotlicht-Milieu noch w\u00e4hrend der Untersuchung ein geheimnisvolles St\u00fcck Papier zu, dann wiederum bat ihn eine andere um eine ganz spezielle Spende: Um das Intimste und Pers\u00f6nlichste, was ein Mann zu bieten hat!\u00a0 <br>Doch auch die gesundheitlichen Folgen durch Sex im hohen Alter kommen nicht zu kurz. Und wer h\u00e4tte gedacht, dass sich eine Ehefrau mit ganz anderen Dingen besch\u00e4ftigen kann, w\u00e4hrend ihr Gatte gerade seinen ehelichen Pflichten nachkommt, auf die sie aber schon seit Langem gerne verzichtet h\u00e4tte?\u00a0<\/p>\n\n\n\n<p>Tauchen Sie ein in die feucht-fr\u00f6hlichen und teils frivolen Erlebnisse von Dr. Conrad!<\/p>\n\n\n\n<p>Erh\u00e4ltlich als Kindle Edition, gebundene Ausgabe oder als Taschenbuch. Zu bestellen im Buchhandel oder unter:<\/p>\n\n\n<p><a href=\"https:\/\/www.amazon.de\/gp\/product\/3749778507\/ref=dbs_a_def_rwt_hsch_vapi_tu00_p1_i3\" data-wplink-edit=\"true\">https:\/\/www.amazon.de\/gp\/product\/3749778507\/ref=dbs_a_def_rwt_hsch_vapi_tu00_p1_i3<\/a><\/p>\n\n\n<p><\/p>\n","protected":false},"excerpt":{"rendered":"<p>Im Dezember 2015 erschien Peter Granzow sein erstes Buch St\u00f6rfaktor Kunde, welches auf humorvolle Weise den mitunter schlechten Kundenservice einiger Dienstleister aufs Korn &#8230;<\/p>\n","protected":false},"author":1,"featured_media":0,"parent":0,"menu_order":2,"comment_status":"closed","ping_status":"closed","template":"","meta":[],"_links":{"self":[{"href":"https:\/\/peter-granzow.de\/web\/wp-json\/wp\/v2\/pages\/1425"}],"collection":[{"href":"https:\/\/peter-granzow.de\/web\/wp-json\/wp\/v2\/pages"}],"about":[{"href":"https:\/\/peter-granzow.de\/web\/wp-json\/wp\/v2\/types\/page"}],"author":[{"embeddable":true,"href":"https:\/\/peter-granzow.de\/web\/wp-json\/wp\/v2\/users\/1"}],"replies":[{"embeddable":true,"href":"https:\/\/peter-granzow.de\/web\/wp-json\/wp\/v2\/comments?post=1425"}],"version-history":[{"count":53,"href":"https:\/\/peter-granzow.de\/web\/wp-json\/wp\/v2\/pages\/1425\/revisions"}],"predecessor-version":[{"id":1829,"href":"https:\/\/peter-granzow.de\/web\/wp-json\/wp\/v2\/pages\/1425\/revisions\/1829"}],"wp:attachment":[{"href":"https:\/\/peter-granzow.de\/web\/wp-json\/wp\/v2\/media?parent=1425"}],"curies":[{"name":"wp","href":"https:\/\/api.w.org\/{rel}","templated":true}]}}