{"id":1440,"date":"2017-05-10T23:19:56","date_gmt":"2017-05-10T21:19:56","guid":{"rendered":"http:\/\/peter-granzow.de\/wordpress\/?page_id=1440"},"modified":"2024-09-10T13:58:54","modified_gmt":"2024-09-10T11:58:54","slug":"buchungsanfrage-moderation","status":"publish","type":"page","link":"https:\/\/peter-granzow.de\/web\/kontakt\/buchungsanfrage-moderation\/","title":{"rendered":"Buchungsanfrage Moderation"},"content":{"rendered":"<h3>Sie m\u00f6chten Peter Granzow als Moderator engagieren? Gerne! Folgende Kontaktm\u00f6glichkeiten stehen Ihnen zur Verf\u00fcgung:<\/h3>\n<table width=\"100%\">\n<tbody>\n<tr>\n<td>\u00a0E-Mail:<\/td>\n<td><a href=\"mailto:info@peter-granzow.de\">info@peter-granzow.de<\/a><\/td>\n<\/tr>\n<tr>\n<td><\/td>\n<td><\/td>\n<\/tr>\n<tr>\n<td>\u00a0Mobil:<\/td>\n<td>0172 \u2013 291.82.78<\/td>\n<\/tr>\n<\/tbody>\n<\/table>\n","protected":false},"excerpt":{"rendered":"<p>Sie m\u00f6chten Peter Granzow als Moderator engagieren? Gerne! Folgende Kontaktm\u00f6glichkeiten stehen Ihnen zur Verf\u00fcgung: \u00a0E-Mail: info@peter-granzow.de \u00a0Mobil: 0172 \u2013 291.82.78<\/p>\n","protected":false},"author":1,"featured_media":0,"parent":1438,"menu_order":0,"comment_status":"closed","ping_status":"closed","template":"","meta":[],"_links":{"self":[{"href":"https:\/\/peter-granzow.de\/web\/wp-json\/wp\/v2\/pages\/1440"}],"collection":[{"href":"https:\/\/peter-granzow.de\/web\/wp-json\/wp\/v2\/pages"}],"about":[{"href":"https:\/\/peter-granzow.de\/web\/wp-json\/wp\/v2\/types\/page"}],"author":[{"embeddable":true,"href":"https:\/\/peter-granzow.de\/web\/wp-json\/wp\/v2\/users\/1"}],"replies":[{"embeddable":true,"href":"https:\/\/peter-granzow.de\/web\/wp-json\/wp\/v2\/comments?post=1440"}],"version-history":[{"count":5,"href":"https:\/\/peter-granzow.de\/web\/wp-json\/wp\/v2\/pages\/1440\/revisions"}],"predecessor-version":[{"id":1830,"href":"https:\/\/peter-granzow.de\/web\/wp-json\/wp\/v2\/pages\/1440\/revisions\/1830"}],"up":[{"embeddable":true,"href":"https:\/\/peter-granzow.de\/web\/wp-json\/wp\/v2\/pages\/1438"}],"wp:attachment":[{"href":"https:\/\/peter-granzow.de\/web\/wp-json\/wp\/v2\/media?parent=1440"}],"curies":[{"name":"wp","href":"https:\/\/api.w.org\/{rel}","templated":true}]}}