{"id":1444,"date":"2017-05-10T23:20:35","date_gmt":"2017-05-10T21:20:35","guid":{"rendered":"http:\/\/peter-granzow.de\/wordpress\/?page_id=1444"},"modified":"2024-09-10T14:00:30","modified_gmt":"2024-09-10T12:00:30","slug":"buchungsanfrage-lesung","status":"publish","type":"page","link":"https:\/\/peter-granzow.de\/web\/kontakt\/buchungsanfrage-lesung\/","title":{"rendered":"Buchungsanfrage Lesung"},"content":{"rendered":"<h3>Sie m\u00f6chten eine Lesung mit Peter Granzow veranstalten? Gerne! Folgende Kontaktm\u00f6glichkeiten stehen Ihnen zur Verf\u00fcgung:<\/h3>\n<table width=\"100%\">\n<tbody>\n<tr>\n<td style=\"text-align: left;\">\u00a0E-Mail:<\/td>\n<td style=\"text-align: left;\"><a href=\"mailto:info@peter-granzow.de\">info@peter-granzow.de<\/a><\/td>\n<\/tr>\n<tr>\n<td style=\"text-align: left;\"><\/td>\n<td style=\"text-align: left;\"><\/td>\n<\/tr>\n<tr>\n<td style=\"text-align: left;\">\u00a0Mobil:<\/td>\n<td style=\"text-align: left;\">0172 \u2013 291.82.78<\/td>\n<\/tr>\n<\/tbody>\n<\/table>\n","protected":false},"excerpt":{"rendered":"<p>Sie m\u00f6chten eine Lesung mit Peter Granzow veranstalten? Gerne! Folgende Kontaktm\u00f6glichkeiten stehen Ihnen zur Verf\u00fcgung: \u00a0E-Mail: info@peter-granzow.de \u00a0Mobil: 0172 \u2013 291.82.78<\/p>\n","protected":false},"author":1,"featured_media":0,"parent":1438,"menu_order":2,"comment_status":"closed","ping_status":"closed","template":"","meta":[],"_links":{"self":[{"href":"https:\/\/peter-granzow.de\/web\/wp-json\/wp\/v2\/pages\/1444"}],"collection":[{"href":"https:\/\/peter-granzow.de\/web\/wp-json\/wp\/v2\/pages"}],"about":[{"href":"https:\/\/peter-granzow.de\/web\/wp-json\/wp\/v2\/types\/page"}],"author":[{"embeddable":true,"href":"https:\/\/peter-granzow.de\/web\/wp-json\/wp\/v2\/users\/1"}],"replies":[{"embeddable":true,"href":"https:\/\/peter-granzow.de\/web\/wp-json\/wp\/v2\/comments?post=1444"}],"version-history":[{"count":5,"href":"https:\/\/peter-granzow.de\/web\/wp-json\/wp\/v2\/pages\/1444\/revisions"}],"predecessor-version":[{"id":1832,"href":"https:\/\/peter-granzow.de\/web\/wp-json\/wp\/v2\/pages\/1444\/revisions\/1832"}],"up":[{"embeddable":true,"href":"https:\/\/peter-granzow.de\/web\/wp-json\/wp\/v2\/pages\/1438"}],"wp:attachment":[{"href":"https:\/\/peter-granzow.de\/web\/wp-json\/wp\/v2\/media?parent=1444"}],"curies":[{"name":"wp","href":"https:\/\/api.w.org\/{rel}","templated":true}]}}